{"id":1066,"date":"2018-11-20T06:49:46","date_gmt":"2018-11-20T06:49:46","guid":{"rendered":"https:\/\/kvc.vgtu.lt\/?page_id=1066"},"modified":"2025-02-27T12:40:06","modified_gmt":"2025-02-27T10:40:06","slug":"kompleksiniai-kvalifikacijos-tobulinimo-mokymai","status":"publish","type":"page","link":"https:\/\/kvc.vgtu.lt\/index.php\/kompleksiniai-kvalifikacijos-tobulinimo-mokymai\/","title":{"rendered":"Kompleksiniai kvalifikacijos tobulinimo mokymai skirti PV, PVPV, PEV, SEV"},"content":{"rendered":"<p align=\"left\">SKIRTI STATINIO PROJEKTO VADOVAMS, STATINIO PROJEKTO VYKDYMO PRIE\u017dI\u016aROS VADOVAMS,\u00a0 STATINIO PROJEKTO DALI\u0172 VADOVAMS<span style=\"color: #ff0000;\">*<\/span>,\u00a0 STATINIO PROJEKTO DALI\u0172 VYKDYMO PRIE\u017dI\u016aROS VADOVAMS<span style=\"color: #ff0000;\">*<\/span>, STATINIO PROJEKTO EKSPERTIZ\u0116S VADOVAMS IR (AR)\u00a0STATINIO EKSPERTIZ\u0116S VADOVAMS<\/p>\n<p align=\"left\">Kvalifikacijos tobulinimo mokymai vykdomi pagal LR aplinkos ministerijos suderintas mokymo programas.<\/p>\n<p align=\"left\">Mokymuose dalyvaujantiems asmenis i\u0161duodamas pa\u017eym\u0117jimas, patvirtinantis kvalifikacijos tobulinim\u0105 pagal\u00a0 STR 1.02.01:2017 \u201eStatybos dalyvi\u0173 atestavimo ir teis\u0117s pripa\u017einimo tvarkos apra\u0161as\u201c\u00a0nustatyt\u0105 tvark\u0105.<\/p>\n<h4 style=\"text-align: center;\">Mokymo (seminaro)<\/h4>\n<p style=\"text-align: center;\"><div id=\"footable_parent_1065\"\n         class=\" footable_parent ninja_table_wrapper loading_ninja_table wp_table_data_press_parent bootstrap3 \">\n                <table data-ninja_table_instance=\"ninja_table_instance_0\" data-footable_id=\"1065\" data-filter-delay=\"1000\" aria-label=\"PV, PVPV, PEV, SEV kompleksiniai kvalifikacijos tobulinimo mokymai_AKTUALUS\"            id=\"footable_1065\"\n           data-unique_identifier=\"ninja_table_unique_id_947537944_1065\"\n           class=\" foo-table ninja_footable foo_table_1065 ninja_table_unique_id_947537944_1065 table  ninja_search_right nt_type_ajax_table table-bordered table-hover vertical_centered  footable-paging-right ninja_table_search_disabled\">\n                <colgroup>\n                            <col class=\"ninja_column_0 \">\n                            <col class=\"ninja_column_1 \">\n                            <col class=\"ninja_column_2 \">\n                            <col class=\"ninja_column_3 xs sm\">\n                            <col class=\"ninja_column_4 xs sm\">\n                            <col class=\"ninja_column_5 xs sm\">\n                    <\/colgroup>\n            <\/table>\n    \n    \n    \n<\/div>\n<\/p>\n<p><strong>\u00a0Kontaktai pasiteiravimui:<\/strong><\/p>\n<p>&#8211; tel. Nr.:\u00a0 +370 619 85869 arba (0 5) 262 16 90<\/p>\n<p>&#8211; el. pa\u0161tu:\u00a0 <a href=\"mailto:vgtu.kvc@vgtu.lt\">atestavimas.vgtukvc@gmail.com<\/a>\u00a0arba <a href=\"mailto:VGTU.KVC@vgtu.lt\">vgtu.nmc@vgtu.lt<\/a><\/p>\n","protected":false},"excerpt":{"rendered":"<p>SKIRTI STATINIO PROJEKTO VADOVAMS, STATINIO PROJEKTO VYKDYMO PRIE\u017dI\u016aROS VADOVAMS,\u00a0 STATINIO PROJEKTO DALI\u0172 VADOVAMS*,\u00a0 STATINIO PROJEKTO DALI\u0172 VYKDYMO PRIE\u017dI\u016aROS VADOVAMS*, STATINIO PROJEKTO EKSPERTIZ\u0116S VADOVAMS IR (AR)\u00a0STATINIO EKSPERTIZ\u0116S VADOVAMS Kvalifikacijos tobulinimo mokymai vykdomi pagal LR aplinkos ministerijos suderintas mokymo programas. Mokymuose dalyvaujantiems asmenis i\u0161duodamas pa\u017eym\u0117jimas, patvirtinantis kvalifikacijos tobulinim\u0105 pagal\u00a0 STR 1.02.01:2017 \u201eStatybos dalyvi\u0173 atestavimo ir teis\u0117s pripa\u017einimo [&hellip;]<\/p>\n","protected":false},"author":1,"featured_media":0,"parent":0,"menu_order":0,"comment_status":"closed","ping_status":"closed","template":"","meta":{"footnotes":""},"class_list":["post-1066","page","type-page","status-publish","hentry"],"_links":{"self":[{"href":"https:\/\/kvc.vgtu.lt\/index.php\/wp-json\/wp\/v2\/pages\/1066","targetHints":{"allow":["GET"]}}],"collection":[{"href":"https:\/\/kvc.vgtu.lt\/index.php\/wp-json\/wp\/v2\/pages"}],"about":[{"href":"https:\/\/kvc.vgtu.lt\/index.php\/wp-json\/wp\/v2\/types\/page"}],"author":[{"embeddable":true,"href":"https:\/\/kvc.vgtu.lt\/index.php\/wp-json\/wp\/v2\/users\/1"}],"replies":[{"embeddable":true,"href":"https:\/\/kvc.vgtu.lt\/index.php\/wp-json\/wp\/v2\/comments?post=1066"}],"version-history":[{"count":16,"href":"https:\/\/kvc.vgtu.lt\/index.php\/wp-json\/wp\/v2\/pages\/1066\/revisions"}],"predecessor-version":[{"id":3084,"href":"https:\/\/kvc.vgtu.lt\/index.php\/wp-json\/wp\/v2\/pages\/1066\/revisions\/3084"}],"wp:attachment":[{"href":"https:\/\/kvc.vgtu.lt\/index.php\/wp-json\/wp\/v2\/media?parent=1066"}],"curies":[{"name":"wp","href":"https:\/\/api.w.org\/{rel}","templated":true}]}}