{"id":1076,"date":"2018-11-20T11:18:32","date_gmt":"2018-11-20T11:18:32","guid":{"rendered":"https:\/\/kvc.vgtu.lt\/?page_id=1076"},"modified":"2025-02-27T12:25:56","modified_gmt":"2025-02-27T10:25:56","slug":"informacija-asmenims-norintiems-igyti-si-profesine-kvalifikacija","status":"publish","type":"page","link":"https:\/\/kvc.vgtu.lt\/index.php\/informacija-asmenims-norintiems-igyti-si-profesine-kvalifikacija\/","title":{"rendered":"Informacija asmenims norintiems \u012fgyti statybos in\u017einieriaus profesin\u0119 kvalifikacij\u0105"},"content":{"rendered":"<p>Informacij\u0105 apie statybos in\u017einieriaus profesin\u0117s kvalifikacijos suteikim\u0105 ir tai patvirtinan\u010dios statybos in\u017einieriaus kortel\u0117s \u012fgijim\u0105 galite rasti <a href=\"https:\/\/statreg.lt\/api\/failai\/cecd148d-73fa-4b4c-a3d8-390c841939a9\">\u010dia<\/a>.<\/p>\n<p><strong>Kontaktai pasiteiravimui\u00a0<\/strong>&#8211; tel. Nr. +370 699 99243, <a href=\"mailto:VGTU.KVC@vgtu.lt\">vgtu.nmc@vgtu.lt<\/a> .<\/p>\n","protected":false},"excerpt":{"rendered":"<p>Informacij\u0105 apie statybos in\u017einieriaus profesin\u0117s kvalifikacijos suteikim\u0105 ir tai patvirtinan\u010dios statybos in\u017einieriaus kortel\u0117s \u012fgijim\u0105 galite rasti \u010dia. Kontaktai pasiteiravimui\u00a0&#8211; tel. Nr. +370 699 99243, vgtu.nmc@vgtu.lt .<\/p>\n","protected":false},"author":1,"featured_media":0,"parent":0,"menu_order":0,"comment_status":"closed","ping_status":"closed","template":"","meta":{"footnotes":""},"class_list":["post-1076","page","type-page","status-publish","hentry"],"_links":{"self":[{"href":"https:\/\/kvc.vgtu.lt\/index.php\/wp-json\/wp\/v2\/pages\/1076","targetHints":{"allow":["GET"]}}],"collection":[{"href":"https:\/\/kvc.vgtu.lt\/index.php\/wp-json\/wp\/v2\/pages"}],"about":[{"href":"https:\/\/kvc.vgtu.lt\/index.php\/wp-json\/wp\/v2\/types\/page"}],"author":[{"embeddable":true,"href":"https:\/\/kvc.vgtu.lt\/index.php\/wp-json\/wp\/v2\/users\/1"}],"replies":[{"embeddable":true,"href":"https:\/\/kvc.vgtu.lt\/index.php\/wp-json\/wp\/v2\/comments?post=1076"}],"version-history":[{"count":12,"href":"https:\/\/kvc.vgtu.lt\/index.php\/wp-json\/wp\/v2\/pages\/1076\/revisions"}],"predecessor-version":[{"id":3059,"href":"https:\/\/kvc.vgtu.lt\/index.php\/wp-json\/wp\/v2\/pages\/1076\/revisions\/3059"}],"wp:attachment":[{"href":"https:\/\/kvc.vgtu.lt\/index.php\/wp-json\/wp\/v2\/media?parent=1076"}],"curies":[{"name":"wp","href":"https:\/\/api.w.org\/{rel}","templated":true}]}}