{"id":1191,"date":"2018-11-22T14:51:32","date_gmt":"2018-11-22T14:51:32","guid":{"rendered":"https:\/\/kvc.vgtu.lt\/?page_id=1191"},"modified":"2025-03-21T07:37:08","modified_gmt":"2025-03-21T05:37:08","slug":"informacija-atestuotiems-pastatu-energinio-naudingumo-sertifikavimo-ekspertams","status":"publish","type":"page","link":"https:\/\/kvc.vgtu.lt\/index.php\/informacija-atestuotiems-pastatu-energinio-naudingumo-sertifikavimo-ekspertams\/","title":{"rendered":"Informacija atestuotiems pastat\u0173 energinio naudingumo sertifikavimo ekspertams"},"content":{"rendered":"\t\t<div data-elementor-type=\"wp-page\" data-elementor-id=\"1191\" class=\"elementor elementor-1191\">\n\t\t\t\t\t\t<section class=\"elementor-section elementor-top-section elementor-element elementor-element-248b3472 elementor-section-boxed elementor-section-height-default elementor-section-height-default\" data-id=\"248b3472\" data-element_type=\"section\">\n\t\t\t\t\t\t<div class=\"elementor-container elementor-column-gap-default\">\n\t\t\t\t\t<div class=\"elementor-column elementor-col-100 elementor-top-column elementor-element elementor-element-34c0cdd\" data-id=\"34c0cdd\" data-element_type=\"column\">\n\t\t\t<div class=\"elementor-widget-wrap elementor-element-populated\">\n\t\t\t\t\t\t<div class=\"elementor-element elementor-element-69f1be5e elementor-widget elementor-widget-text-editor\" data-id=\"69f1be5e\" data-element_type=\"widget\" data-widget_type=\"text-editor.default\">\n\t\t\t\t<div class=\"elementor-widget-container\">\n\t\t\t\t\t\t\t\t\t<p>Kvie\u010diame dalyvauti PENS ekspert\u0173 kvalifikacijos tobulinimo mokymuose pagal LR Aplinkos ministro 2020 m. liepos 28 d. \u012fsakymu Nr. D1-462 patvirtint\u0105 kvalifikacijos k\u0117limo <a href=\"https:\/\/e-seimas.lrs.lt\/portal\/legalAct\/lt\/TAD\/22bed5e025f411e88d2dc91c9285185a\/asr\">program\u0105<\/a><\/p><p><em><strong>Mokymo data, laikas &#8211; <\/strong><\/em>planuojama\u00a0<\/p><p><em><strong>Mokymo turinys &#8211; <\/strong><\/em>\u017er. <a href=\"https:\/\/kvc.vgtu.lt\">Kvalifikacijos tobulinimo mokym\u0173 tvarkara\u0161tis<\/a><em><br \/><\/em><\/p><p><em><strong>Mokymo forma<\/strong>\u00a0<\/em>\u2013\u00a0 nuotoliniai mokymai, vykdomi tiesiogin\u0117s transliacijos b\u016bdu, naudojantis programa Zoom<\/p><p><em><strong>Mokymo trukm\u0117<\/strong><\/em>\u00a0\u2013 7 val.;<\/p><p><strong><em>Mokymo kaina<\/em><\/strong> \u2013 130 EUR\/asmeniui;<\/p><p><em><b>Registracija \u012f mokymus (privaloma)<\/b><\/em> &#8211; <a class=\"btn-new\" href=\"https:\/\/kvc.vgtu.lt\">Registruotis<\/a><\/p><p><span style=\"color: #000000;\"><strong>I\u0161klausius mokymus \u00a0i\u0161duodamas \u00a0pa\u017eym\u0117jimas, reikalingas PENS eksperto kvalifikacijos atestato galiojimo patvirtinimui.<\/strong><\/span><\/p><p>Vadovaujantis statybos techniniu reglamentu\u00a0<a href=\"https:\/\/www.e-tar.lt\/portal\/lt\/legalAct\/TAR.851ACB305E06\/taaSfsLeJy\">STR 1.02.09:2011 \u201eTeis\u0117s atlikti pastat\u0173 energinio naudingumo sertifikavim\u0105 \u012fgijimo tvarkos apra\u0161as\u201c<\/a>, PENS ekspertai, turintys kvalifikacijos atestat\u0105, ne re\u010diau kaip kas 5 metai privalo kelti kvalifikacij\u0105 tobulinimo kursuose i\u0161klausydami ne ma\u017eiau kaip 20 valand\u0173 paskait\u0173 pagal Aplinkos ministerijos patvirtintas programas. VGTU Kokyb\u0117s vadybos centras yra viena i\u0161 dviej\u0173 \u00a0organizacij\u0173,\u00a0<a href=\"https:\/\/www.e-tar.lt\/portal\/lt\/legalAct\/TAR.AFB06AB7AD65\">turin\u010di\u0173 teis\u0119 vykdyti<\/a>\u00a0 PENS ekspert\u0173 kvalifikacijos tobulinimo mokymus.pla\u017er<\/p>\t\t\t\t\t\t\t\t<\/div>\n\t\t\t\t<\/div>\n\t\t\t\t\t<\/div>\n\t\t<\/div>\n\t\t\t\t\t<\/div>\n\t\t<\/section>\n\t\t\t\t<\/div>\n\t\t","protected":false},"excerpt":{"rendered":"<p>Kvie\u010diame dalyvauti PENS ekspert\u0173 kvalifikacijos tobulinimo mokymuose pagal LR Aplinkos ministro 2020 m. liepos 28 d. \u012fsakymu Nr. D1-462 patvirtint\u0105 kvalifikacijos k\u0117limo program\u0105 Mokymo data, laikas &#8211; planuojama\u00a0 Mokymo turinys &#8211; \u017er. Kvalifikacijos tobulinimo mokym\u0173 tvarkara\u0161tis Mokymo forma\u00a0\u2013\u00a0 nuotoliniai mokymai, vykdomi tiesiogin\u0117s transliacijos b\u016bdu, naudojantis programa Zoom Mokymo trukm\u0117\u00a0\u2013 7 val.; Mokymo kaina \u2013 130 [&hellip;]<\/p>\n","protected":false},"author":1,"featured_media":0,"parent":0,"menu_order":0,"comment_status":"closed","ping_status":"closed","template":"","meta":{"footnotes":""},"class_list":["post-1191","page","type-page","status-publish","hentry"],"_links":{"self":[{"href":"https:\/\/kvc.vgtu.lt\/index.php\/wp-json\/wp\/v2\/pages\/1191","targetHints":{"allow":["GET"]}}],"collection":[{"href":"https:\/\/kvc.vgtu.lt\/index.php\/wp-json\/wp\/v2\/pages"}],"about":[{"href":"https:\/\/kvc.vgtu.lt\/index.php\/wp-json\/wp\/v2\/types\/page"}],"author":[{"embeddable":true,"href":"https:\/\/kvc.vgtu.lt\/index.php\/wp-json\/wp\/v2\/users\/1"}],"replies":[{"embeddable":true,"href":"https:\/\/kvc.vgtu.lt\/index.php\/wp-json\/wp\/v2\/comments?post=1191"}],"version-history":[{"count":96,"href":"https:\/\/kvc.vgtu.lt\/index.php\/wp-json\/wp\/v2\/pages\/1191\/revisions"}],"predecessor-version":[{"id":3119,"href":"https:\/\/kvc.vgtu.lt\/index.php\/wp-json\/wp\/v2\/pages\/1191\/revisions\/3119"}],"wp:attachment":[{"href":"https:\/\/kvc.vgtu.lt\/index.php\/wp-json\/wp\/v2\/media?parent=1191"}],"curies":[{"name":"wp","href":"https:\/\/api.w.org\/{rel}","templated":true}]}}