{"id":1194,"date":"2018-11-22T14:52:10","date_gmt":"2018-11-22T14:52:10","guid":{"rendered":"https:\/\/kvc.vgtu.lt\/?page_id=1194"},"modified":"2025-10-09T15:10:26","modified_gmt":"2025-10-09T12:10:26","slug":"informacija-asmenims-siekiantiems-tapti-pastatu-energinio-naudingumo-sertifikavimo-ekspertais","status":"publish","type":"page","link":"https:\/\/kvc.vgtu.lt\/index.php\/informacija-asmenims-siekiantiems-tapti-pastatu-energinio-naudingumo-sertifikavimo-ekspertais\/","title":{"rendered":"Informacija asmenims, siekiantiems tapti pastat\u0173 energinio naudingumo sertifikavimo ekspertais"},"content":{"rendered":"<p>Vadovaujantis statybos techniniu reglamentu\u00a0<a href=\"https:\/\/www.e-tar.lt\/portal\/lt\/legalAct\/TAR.851ACB305E06\/taaSfsLeJy\">STR 1.02.09:2011 \u201eTeis\u0117s atlikti pastat\u0173 energinio naudingumo sertifikavim\u0105 \u012fgijimo tvarkos apra\u0161as\u201c<\/a>, asmenys, siekiantys tapti pastat\u0173 energinio naudingumo sertifikavimo (PENS) ekspertais, turi b\u016bti baig\u0119 mokymo kursus pagal aplinkos ministro patvirtint\u0105 mokymo\u00a0<a href=\"https:\/\/e-seimas.lrs.lt\/portal\/legalAct\/lt\/TAD\/6a1ef653ef0011e4a8669450a5f0514d?jfwid=rivwzvpvg\">program\u0105<\/a> ir tur\u0117ti ne ma\u017eiau kaip 3 pastat\u0173 energinio naudingumo skai\u010diavim\u0173 patirt\u012f.<\/p>\n<p>VGTU Kokyb\u0117s vadybos centras yra viena i\u0161 dviej\u0173 \u00a0LR aplinkos ministro\u00a0<a href=\"https:\/\/www.e-tar.lt\/portal\/lt\/legalAct\/TAR.AFB06AB7AD65\">paskirt\u0173<\/a> organizacij\u0173, vykdan\u010di\u0173 asmen\u0173, siekian\u010di\u0173 tapti PENS ekspertais, \u00a0mokymus.<\/p>\n<p>Mokymo metu kartu \u012fgyjama ir 3 pastat\u0173 energinio naudingumo skai\u010diavimo patirtis.<\/p>\n<p><strong>Informacija apie numatomus mokymus:<\/strong><\/p>\n<p><span style=\"color: #003366;\"><em>Planuojama mokymo data<\/em><\/span> \u2013 2026 m. rugs\u0117jo-spalio m\u0117n. (tiksli data kol kas n\u0117ra numatyta)<\/p>\n<p><span style=\"color: #003366;\"><em>Mokymo trukm\u0117<\/em><\/span>\u00a0\u2013 47 val. (\u0161e\u0161ios dienos);<\/p>\n<p><span style=\"color: #003366;\"><em>Mokymo vieta<\/em><\/span> \u2013 Laisv\u0117s pr. 58, Vilnius, 5-a auditorija;<\/p>\n<p><span style=\"color: #003366;\"><em>Mokymo kaina<\/em><\/span> \u2013 700 EUR\/asmeniui;<\/p>\n<p><em><span style=\"color: #003366;\">Registracija \u012f mokymus (privaloma)<\/span><\/em> &#8211; <a class=\"btn-new\" href=\"https:\/\/kvc.vgtu.lt\/index.php\/informacija-asmenims-siekiantiems-tapti-pastatu-energinio-naudingumo-sertifikavimo-ekspertais-2\/\">Registruotis<\/a><\/p>\n<p><span style=\"color: #000000;\">I\u0161klausius mokymo program\u0105 (teorines \u017einias) ir mokymo metu atlikus praktines u\u017eduotis, i\u0161duodamas pa\u017eym\u0117jimas, suteikiantis teis\u0119 laikyti PENS eksperto kvalifikacin\u012f egzamin\u0105.<\/span><\/p>\n","protected":false},"excerpt":{"rendered":"<p>Vadovaujantis statybos techniniu reglamentu\u00a0STR 1.02.09:2011 \u201eTeis\u0117s atlikti pastat\u0173 energinio naudingumo sertifikavim\u0105 \u012fgijimo tvarkos apra\u0161as\u201c, asmenys, siekiantys tapti pastat\u0173 energinio naudingumo sertifikavimo (PENS) ekspertais, turi b\u016bti baig\u0119 mokymo kursus pagal aplinkos ministro patvirtint\u0105 mokymo\u00a0program\u0105 ir tur\u0117ti ne ma\u017eiau kaip 3 pastat\u0173 energinio naudingumo skai\u010diavim\u0173 patirt\u012f. VGTU Kokyb\u0117s vadybos centras yra viena i\u0161 dviej\u0173 \u00a0LR aplinkos ministro\u00a0paskirt\u0173 [&hellip;]<\/p>\n","protected":false},"author":1,"featured_media":0,"parent":0,"menu_order":0,"comment_status":"closed","ping_status":"closed","template":"","meta":{"footnotes":""},"class_list":["post-1194","page","type-page","status-publish","hentry"],"_links":{"self":[{"href":"https:\/\/kvc.vgtu.lt\/index.php\/wp-json\/wp\/v2\/pages\/1194","targetHints":{"allow":["GET"]}}],"collection":[{"href":"https:\/\/kvc.vgtu.lt\/index.php\/wp-json\/wp\/v2\/pages"}],"about":[{"href":"https:\/\/kvc.vgtu.lt\/index.php\/wp-json\/wp\/v2\/types\/page"}],"author":[{"embeddable":true,"href":"https:\/\/kvc.vgtu.lt\/index.php\/wp-json\/wp\/v2\/users\/1"}],"replies":[{"embeddable":true,"href":"https:\/\/kvc.vgtu.lt\/index.php\/wp-json\/wp\/v2\/comments?post=1194"}],"version-history":[{"count":28,"href":"https:\/\/kvc.vgtu.lt\/index.php\/wp-json\/wp\/v2\/pages\/1194\/revisions"}],"predecessor-version":[{"id":3185,"href":"https:\/\/kvc.vgtu.lt\/index.php\/wp-json\/wp\/v2\/pages\/1194\/revisions\/3185"}],"wp:attachment":[{"href":"https:\/\/kvc.vgtu.lt\/index.php\/wp-json\/wp\/v2\/media?parent=1194"}],"curies":[{"name":"wp","href":"https:\/\/api.w.org\/{rel}","templated":true}]}}