{"id":1548,"date":"2018-12-07T12:17:31","date_gmt":"2018-12-07T10:17:31","guid":{"rendered":"https:\/\/kvc.vgtu.lt\/?page_id=1548"},"modified":"2025-02-27T11:46:27","modified_gmt":"2025-02-27T09:46:27","slug":"bendroji-informacija-apie-si-profesines-kvalifikacijos-suteikima","status":"publish","type":"page","link":"https:\/\/kvc.vgtu.lt\/index.php\/bendroji-informacija-apie-si-profesines-kvalifikacijos-suteikima\/","title":{"rendered":"Bendroji informacija apie statybos in\u017einieriaus profesin\u0117s kvalifikacijos suteikim\u0105"},"content":{"rendered":"<p>Statybos in\u017einieriaus profesin\u0117 kvalifikacija suteikiama vadovaujantis:<\/p>\n<p>1. Statybos sektoriaus profesiniu <a href=\"https:\/\/e-seimas.lrs.lt\/portal\/legalAct\/lt\/TAD\/2c106370a4dd11e9aab6d8dd69c6da66\/asr\">standartu<\/a> PSF01.<\/p>\n<p>2. Statybos in\u017einieriaus profesin\u0117s kvalifikacijos suteikimo tvarkos <a href=\"https:\/\/kvc.vgtu.lt\/wp-content\/uploads\/2020\/12\/1_SI-kvalifikacijos-suteikimo-tvarkos-aprasas_aktuali-redakcija.pdf\">apra\u0161u<\/a>.<\/p>\n<p>3. Profesini\u0173 kvalifikacij\u0173 ekspert\u0173 darbo<a href=\"https:\/\/kvc.vgtu.lt\/wp-content\/uploads\/2020\/12\/2_Ekspertu-darbo-reglamentas_aktuali-redakcija-1.pdf\"> reglamentu<\/a>.<\/p>\n<p>Asmuo, siekiantis statybos in\u017einieriaus profesin\u0117s kvalifikacijos, privalo susipa\u017einti ir \u012fsipareigoti laikytis Statybos in\u017einieriaus profesin\u0117s kvalifikacijos <a href=\"https:\/\/kvc.vgtu.lt\/wp-content\/uploads\/2020\/07\/Statybos-in\u017einieriaus-profesin\u0117s-etikos-kodeksas.jpg\">Etikos kodekso<\/a>.<\/p>\n<p style=\"text-align: center;\">\n<p><strong>Kontaktai pasiteiravimui\u00a0\u00a0<\/strong>&#8211; tel. +370 699 99243,<a href=\"mailto:VGTU.KVC@vgtu.lt\"> vgtu.nmc@vgtu.lt<\/a><\/p>\n","protected":false},"excerpt":{"rendered":"<p>Statybos in\u017einieriaus profesin\u0117 kvalifikacija suteikiama vadovaujantis: 1. Statybos sektoriaus profesiniu standartu PSF01. 2. Statybos in\u017einieriaus profesin\u0117s kvalifikacijos suteikimo tvarkos apra\u0161u. 3. Profesini\u0173 kvalifikacij\u0173 ekspert\u0173 darbo reglamentu. Asmuo, siekiantis statybos in\u017einieriaus profesin\u0117s kvalifikacijos, privalo susipa\u017einti ir \u012fsipareigoti laikytis Statybos in\u017einieriaus profesin\u0117s kvalifikacijos Etikos kodekso. Kontaktai pasiteiravimui\u00a0\u00a0&#8211; tel. +370 699 99243, vgtu.nmc@vgtu.lt<\/p>\n","protected":false},"author":1,"featured_media":0,"parent":0,"menu_order":0,"comment_status":"closed","ping_status":"closed","template":"","meta":{"footnotes":""},"class_list":["post-1548","page","type-page","status-publish","hentry"],"_links":{"self":[{"href":"https:\/\/kvc.vgtu.lt\/index.php\/wp-json\/wp\/v2\/pages\/1548","targetHints":{"allow":["GET"]}}],"collection":[{"href":"https:\/\/kvc.vgtu.lt\/index.php\/wp-json\/wp\/v2\/pages"}],"about":[{"href":"https:\/\/kvc.vgtu.lt\/index.php\/wp-json\/wp\/v2\/types\/page"}],"author":[{"embeddable":true,"href":"https:\/\/kvc.vgtu.lt\/index.php\/wp-json\/wp\/v2\/users\/1"}],"replies":[{"embeddable":true,"href":"https:\/\/kvc.vgtu.lt\/index.php\/wp-json\/wp\/v2\/comments?post=1548"}],"version-history":[{"count":18,"href":"https:\/\/kvc.vgtu.lt\/index.php\/wp-json\/wp\/v2\/pages\/1548\/revisions"}],"predecessor-version":[{"id":3052,"href":"https:\/\/kvc.vgtu.lt\/index.php\/wp-json\/wp\/v2\/pages\/1548\/revisions\/3052"}],"wp:attachment":[{"href":"https:\/\/kvc.vgtu.lt\/index.php\/wp-json\/wp\/v2\/media?parent=1548"}],"curies":[{"name":"wp","href":"https:\/\/api.w.org\/{rel}","templated":true}]}}