{"id":167,"date":"2018-11-06T06:20:15","date_gmt":"2018-11-06T06:20:15","guid":{"rendered":"https:\/\/kvc.vgtu.lt\/?page_id=167"},"modified":"2019-01-02T14:27:44","modified_gmt":"2019-01-02T12:27:44","slug":"imoniu-konsultavimas-praktiniai-tiriamieji-darbai","status":"publish","type":"page","link":"https:\/\/kvc.vgtu.lt\/index.php\/imoniu-konsultavimas-praktiniai-tiriamieji-darbai\/","title":{"rendered":"\u012emoni\u0173 konsultavimas, praktiniai-tiriamieji darbai"},"content":{"rendered":"<p>VGTU Kokyb\u0117s vadybos centras teikia \u012fmon\u0117ms konsultavimo paslaugas visose j\u0173 veiklos organizavimo srityse. Konsultantais yra pakviesti auk\u0161\u010diausio profesionalumo mokslininkai, valstyb\u0117s tarnautojai, \u012fmoni\u0173 vadovai ir specialistai. Konsultantus i\u0161sirinksite patys i\u0161 m\u016bs\u0173 pasi\u016blyt\u0173. Su \u0161ia paslauga norime pad\u0117ti \u012fmon\u0117ms kilti iki lyderi\u0173 lygio. U\u017e konsultavimo paslaugas atsiskaitoma pagal individualias sutartis, \u012fvertinant ir pateikt\u0173 tobulinimo projekt\u0173 efektyvum\u0105.<br \/>\nPRAKTINIAI-TIRIAMIEJI DARBAI:<br \/>\n&#8211; Kokyb\u0117s, aplinkos, darbuotoj\u0173 saugos ir sveikatos u\u017etikrinimo bei socialin\u0117s atsakomyb\u0117s vadybos sistem\u0173 rengimas ir diegimas, j\u0173 sertifikavimas standart\u0173 LST EN ISO 9001:2015, LST EN ISO 14001:2015, OHSAS 18001:2007 ir SA 8000:2008 atitikimui.<br \/>\n&#8211; \u012emon\u0117s veiklos analiz\u0117 ir nuolatinio tobulinimo sistemos diegimas ( kokyb\u0117s vadybos sistemos ir LEAN princip\u0173 pagrindu).<br \/>\n&#8211; Statybos in\u017einieri\u0173 kvalifikacijos ir gyvenimo darbe vertinimas bei karjeros planavimas. Tikslas \u2013 pad\u0117ti statybos in\u017einieriams ir kitiems specialistams spar\u010diau siekti profesionalumo auk\u0161tum\u0173, didinti ind\u0117l\u012f \u012f \u012fmon\u0117s s\u0117km\u0119 ir tuo b\u016bdu kelti pasitenkinim\u0105 gyvenimo kokybe darbe.<\/p>\n<p>&nbsp;<\/p>\n<p>&nbsp;<\/p>\n","protected":false},"excerpt":{"rendered":"<p>VGTU Kokyb\u0117s vadybos centras teikia \u012fmon\u0117ms konsultavimo paslaugas visose j\u0173 veiklos organizavimo srityse. Konsultantais yra pakviesti auk\u0161\u010diausio profesionalumo mokslininkai, valstyb\u0117s tarnautojai, \u012fmoni\u0173 vadovai ir specialistai. Konsultantus i\u0161sirinksite patys i\u0161 m\u016bs\u0173 pasi\u016blyt\u0173. Su \u0161ia paslauga norime pad\u0117ti \u012fmon\u0117ms kilti iki lyderi\u0173 lygio. U\u017e konsultavimo paslaugas atsiskaitoma pagal individualias sutartis, \u012fvertinant ir pateikt\u0173 tobulinimo projekt\u0173 efektyvum\u0105. PRAKTINIAI-TIRIAMIEJI [&hellip;]<\/p>\n","protected":false},"author":1,"featured_media":0,"parent":0,"menu_order":0,"comment_status":"closed","ping_status":"closed","template":"","meta":{"footnotes":""},"class_list":["post-167","page","type-page","status-publish","hentry"],"_links":{"self":[{"href":"https:\/\/kvc.vgtu.lt\/index.php\/wp-json\/wp\/v2\/pages\/167","targetHints":{"allow":["GET"]}}],"collection":[{"href":"https:\/\/kvc.vgtu.lt\/index.php\/wp-json\/wp\/v2\/pages"}],"about":[{"href":"https:\/\/kvc.vgtu.lt\/index.php\/wp-json\/wp\/v2\/types\/page"}],"author":[{"embeddable":true,"href":"https:\/\/kvc.vgtu.lt\/index.php\/wp-json\/wp\/v2\/users\/1"}],"replies":[{"embeddable":true,"href":"https:\/\/kvc.vgtu.lt\/index.php\/wp-json\/wp\/v2\/comments?post=167"}],"version-history":[{"count":5,"href":"https:\/\/kvc.vgtu.lt\/index.php\/wp-json\/wp\/v2\/pages\/167\/revisions"}],"predecessor-version":[{"id":1721,"href":"https:\/\/kvc.vgtu.lt\/index.php\/wp-json\/wp\/v2\/pages\/167\/revisions\/1721"}],"wp:attachment":[{"href":"https:\/\/kvc.vgtu.lt\/index.php\/wp-json\/wp\/v2\/media?parent=167"}],"curies":[{"name":"wp","href":"https:\/\/api.w.org\/{rel}","templated":true}]}}