{"id":1743,"date":"2019-01-08T15:13:21","date_gmt":"2019-01-08T13:13:21","guid":{"rendered":"https:\/\/kvc.vgtu.lt\/?page_id=1743"},"modified":"2025-02-27T12:47:07","modified_gmt":"2025-02-27T10:47:07","slug":"projektu-dalis-konstrukciju-naujas","status":"publish","type":"page","link":"https:\/\/kvc.vgtu.lt\/index.php\/projektu-dalis-konstrukciju-naujas\/","title":{"rendered":"Projekt\u0173 dalis: konstrukcij\u0173"},"content":{"rendered":"<div id=\"container\">\n<div class=\"container\">\n<div class=\"row\">\n<div class=\"col-md-12\">\n<div class=\"page-content\">\n<p>Kvalifikacijos tobulinimo mokymai vykdomi pagal LR aplinkos ministerijos suderint\u0105 program\u0105<strong> M-079-22-LSIS<\/strong>.<\/p>\n<p>Mokymuose dalyvaujantiems asmenis i\u0161duodamas pa\u017eym\u0117jimas, patvirtinantis kvalifikacijos tobulinim\u0105 pagal \u00a0STR 1.02.01:2017 \u201eStatybos dalyvi\u0173 atestavimo ir teis\u0117s pripa\u017einimo tvarkos apra\u0161as\u201c nustatyt\u0105 tvark\u0105.<\/p>\n<\/div>\n<\/div>\n<\/div>\n<\/div>\n<\/div>\n<div id=\"footable_parent_2304\"\n         class=\" footable_parent ninja_table_wrapper loading_ninja_table wp_table_data_press_parent bootstrap3 \">\n                <table data-ninja_table_instance=\"ninja_table_instance_0\" data-footable_id=\"2304\" data-filter-delay=\"1000\" aria-label=\"PDV, PDVPV, PDEV, SDEV (konstrukcij\u0173) visi kvalifikacijos tobulinimo mokymai_AKTUALUS\"            id=\"footable_2304\"\n           data-unique_identifier=\"ninja_table_unique_id_287287471_2304\"\n           class=\" foo-table ninja_footable foo_table_2304 ninja_table_unique_id_287287471_2304 table  ninja_search_right nt_type_ajax_table table-bordered table-hover vertical_centered  footable-paging-right ninja_table_search_disabled\">\n                <colgroup>\n                            <col class=\"ninja_column_0 \">\n                            <col class=\"ninja_column_1 \">\n                            <col class=\"ninja_column_2 \">\n                            <col class=\"ninja_column_3 \">\n                            <col class=\"ninja_column_4 \">\n                    <\/colgroup>\n            <\/table>\n    \n    \n    \n<\/div>\n\n<p><strong>\u00a0Kontaktai pasiteiravimui:<\/strong><\/p>\n<p>&#8211; tel. Nr.:\u00a0 +370 619 85869 arba (0 5) 262 16 90<\/p>\n<p>&#8211; el. pa\u0161tu:\u00a0 <a href=\"mailto:vgtu.kvc@vgtu.lt\">atestavimas.vgtukvc@gmail.com<\/a>\u00a0arba <a href=\"mailto:VGTU.KVC@vgtu.lt\">vgtu.nmc@vgtu.lt<\/a><\/p>\n","protected":false},"excerpt":{"rendered":"<p>Kvalifikacijos tobulinimo mokymai vykdomi pagal LR aplinkos ministerijos suderint\u0105 program\u0105 M-079-22-LSIS. Mokymuose dalyvaujantiems asmenis i\u0161duodamas pa\u017eym\u0117jimas, patvirtinantis kvalifikacijos tobulinim\u0105 pagal \u00a0STR 1.02.01:2017 \u201eStatybos dalyvi\u0173 atestavimo ir teis\u0117s pripa\u017einimo tvarkos apra\u0161as\u201c nustatyt\u0105 tvark\u0105. \u00a0Kontaktai pasiteiravimui: &#8211; tel. Nr.:\u00a0 +370 619 85869 arba (0 5) 262 16 90 &#8211; el. pa\u0161tu:\u00a0 atestavimas.vgtukvc@gmail.com\u00a0arba vgtu.nmc@vgtu.lt<\/p>\n","protected":false},"author":1,"featured_media":0,"parent":0,"menu_order":0,"comment_status":"closed","ping_status":"closed","template":"","meta":{"footnotes":""},"class_list":["post-1743","page","type-page","status-publish","hentry"],"_links":{"self":[{"href":"https:\/\/kvc.vgtu.lt\/index.php\/wp-json\/wp\/v2\/pages\/1743","targetHints":{"allow":["GET"]}}],"collection":[{"href":"https:\/\/kvc.vgtu.lt\/index.php\/wp-json\/wp\/v2\/pages"}],"about":[{"href":"https:\/\/kvc.vgtu.lt\/index.php\/wp-json\/wp\/v2\/types\/page"}],"author":[{"embeddable":true,"href":"https:\/\/kvc.vgtu.lt\/index.php\/wp-json\/wp\/v2\/users\/1"}],"replies":[{"embeddable":true,"href":"https:\/\/kvc.vgtu.lt\/index.php\/wp-json\/wp\/v2\/comments?post=1743"}],"version-history":[{"count":9,"href":"https:\/\/kvc.vgtu.lt\/index.php\/wp-json\/wp\/v2\/pages\/1743\/revisions"}],"predecessor-version":[{"id":3100,"href":"https:\/\/kvc.vgtu.lt\/index.php\/wp-json\/wp\/v2\/pages\/1743\/revisions\/3100"}],"wp:attachment":[{"href":"https:\/\/kvc.vgtu.lt\/index.php\/wp-json\/wp\/v2\/media?parent=1743"}],"curies":[{"name":"wp","href":"https:\/\/api.w.org\/{rel}","templated":true}]}}