{"id":361,"date":"2018-11-09T08:53:50","date_gmt":"2018-11-09T08:53:50","guid":{"rendered":"https:\/\/kvc.vgtu.lt\/?page_id=361"},"modified":"2025-10-08T13:28:35","modified_gmt":"2025-10-08T10:28:35","slug":"sv-stpv","status":"publish","type":"page","link":"https:\/\/kvc.vgtu.lt\/index.php\/sv-stpv\/","title":{"rendered":"Statinio statybos vadovo ir (ar) statinio statybos technin\u0117s prie\u017ei\u016bros vadovo pareigoms\u200b"},"content":{"rendered":"\t\t<div data-elementor-type=\"wp-page\" data-elementor-id=\"361\" class=\"elementor elementor-361\">\n\t\t\t\t\t\t<section class=\"elementor-section elementor-top-section elementor-element elementor-element-16d628fb elementor-section-boxed elementor-section-height-default elementor-section-height-default\" data-id=\"16d628fb\" data-element_type=\"section\">\n\t\t\t\t\t\t<div class=\"elementor-container elementor-column-gap-default\">\n\t\t\t\t\t<div class=\"elementor-column elementor-col-100 elementor-top-column elementor-element elementor-element-43edb46f\" data-id=\"43edb46f\" data-element_type=\"column\">\n\t\t\t<div class=\"elementor-widget-wrap elementor-element-populated\">\n\t\t\t\t\t\t<div class=\"elementor-element elementor-element-27d14116 elementor-widget elementor-widget-text-editor\" data-id=\"27d14116\" data-element_type=\"widget\" data-widget_type=\"text-editor.default\">\n\t\t\t\t<div class=\"elementor-widget-container\">\n\t\t\t\t\t\t\t\t\t<p>\u00a0<\/p><p>Kvalifikacijos atestato \u012fgijimui (papildymui) reikalingos informacijos\/duomen\u0173 pateikimo tvark\u0105 galite rasti <a href=\"https:\/\/www.ssva.lt\/cms\/paslaugos\/atestavimas\/statybos-specialistu-atestavimas\">\u010dia<\/a><\/p><h4>Profesini\u0173 \u017eini\u0173 vertinimas vykdomas pagal LR aplinkos ministro patvirtint\u0105 program\u0105\u00a0<a href=\"https:\/\/www.e-tar.lt\/portal\/lt\/legalAct\/2a343fa098d411eea5a28c81c82193a8\" target=\"_blank\" rel=\"noopener noreferrer\">E-012-23-LSIS<\/a><\/h4><div id=\"footable_parent_3181\"\n         class=\" footable_parent ninja_table_wrapper loading_ninja_table wp_table_data_press_parent bootstrap3 \">\n                <table data-ninja_table_instance=\"ninja_table_instance_0\" data-footable_id=\"3181\" data-filter-delay=\"1000\" aria-label=\"SV, STPV (\u017eini\u0173 vertinimas_AKTUALUS)\"            id=\"footable_3181\"\n           data-unique_identifier=\"ninja_table_unique_id_625653722_3181\"\n           class=\" foo-table ninja_footable foo_table_3181 ninja_table_unique_id_625653722_3181 table  ninja_search_right nt_type_ajax_table table-bordered table-hover vertical_centered  footable-paging-right ninja_table_search_disabled\">\n                <colgroup>\n                            <col class=\"ninja_column_0 \">\n                            <col class=\"ninja_column_1 \">\n                            <col class=\"ninja_column_2 \">\n                    <\/colgroup>\n            <\/table>\n    \n    \n    \n<\/div>\n<p><span style=\"color: #ff0000;\"><strong>*<\/strong> Nuotoliniai mokymai vykdomi tiesiogin\u0117s transliacijos b\u016bdu, vadovaujantis V\u0161\u012e VGTU Kokyb\u0117s vadybos centras nuotoliniu b\u016bdu vykdomo statybos dalyvi\u0173 kvalifikacijos tobulinimo<\/span> <strong><a href=\"https:\/\/kvc.vgtu.lt\/wp-content\/uploads\/2021\/02\/Nuotoliniu-kvalifikacijos-tobulinimo-mokymu-taisykles_VGTU-KVC_v2.pdf\">Taisykl\u0117mis<\/a>.<\/strong><\/p><p><strong>\u00a0Kontaktai pasiteiravimui:<\/strong><\/p><p>&#8211; tel. Nr.:\u00a0 +370 619 85869 arba (0 5) 262 16 90<\/p><p>&#8211; el. pa\u0161tu:\u00a0 <a href=\"mailto:vgtu.kvc@vgtu.lt\">atestavimas.vgtukvc@gmail.com<\/a>\u00a0arba <a href=\"mailto:VGTU.KVC@vgtu.lt\">vgtu.nmc@vgtu.lt<\/a>3181<\/p>\t\t\t\t\t\t\t\t<\/div>\n\t\t\t\t<\/div>\n\t\t\t\t\t<\/div>\n\t\t<\/div>\n\t\t\t\t\t<\/div>\n\t\t<\/section>\n\t\t\t\t<\/div>\n\t\t","protected":false},"excerpt":{"rendered":"<p>\u00a0 Kvalifikacijos atestato \u012fgijimui (papildymui) reikalingos informacijos\/duomen\u0173 pateikimo tvark\u0105 galite rasti \u010dia Profesini\u0173 \u017eini\u0173 vertinimas vykdomas pagal LR aplinkos ministro patvirtint\u0105 program\u0105\u00a0E-012-23-LSIS * Nuotoliniai mokymai vykdomi tiesiogin\u0117s transliacijos b\u016bdu, vadovaujantis V\u0161\u012e VGTU Kokyb\u0117s vadybos centras nuotoliniu b\u016bdu vykdomo statybos dalyvi\u0173 kvalifikacijos tobulinimo Taisykl\u0117mis. \u00a0Kontaktai pasiteiravimui: &#8211; tel. Nr.:\u00a0 +370 619 85869 arba (0 5) 262 [&hellip;]<\/p>\n","protected":false},"author":1,"featured_media":0,"parent":0,"menu_order":0,"comment_status":"closed","ping_status":"closed","template":"","meta":{"footnotes":""},"class_list":["post-361","page","type-page","status-publish","hentry"],"_links":{"self":[{"href":"https:\/\/kvc.vgtu.lt\/index.php\/wp-json\/wp\/v2\/pages\/361","targetHints":{"allow":["GET"]}}],"collection":[{"href":"https:\/\/kvc.vgtu.lt\/index.php\/wp-json\/wp\/v2\/pages"}],"about":[{"href":"https:\/\/kvc.vgtu.lt\/index.php\/wp-json\/wp\/v2\/types\/page"}],"author":[{"embeddable":true,"href":"https:\/\/kvc.vgtu.lt\/index.php\/wp-json\/wp\/v2\/users\/1"}],"replies":[{"embeddable":true,"href":"https:\/\/kvc.vgtu.lt\/index.php\/wp-json\/wp\/v2\/comments?post=361"}],"version-history":[{"count":153,"href":"https:\/\/kvc.vgtu.lt\/index.php\/wp-json\/wp\/v2\/pages\/361\/revisions"}],"predecessor-version":[{"id":3184,"href":"https:\/\/kvc.vgtu.lt\/index.php\/wp-json\/wp\/v2\/pages\/361\/revisions\/3184"}],"wp:attachment":[{"href":"https:\/\/kvc.vgtu.lt\/index.php\/wp-json\/wp\/v2\/media?parent=361"}],"curies":[{"name":"wp","href":"https:\/\/api.w.org\/{rel}","templated":true}]}}