{"id":364,"date":"2018-11-09T08:57:44","date_gmt":"2018-11-09T08:57:44","guid":{"rendered":"https:\/\/kvc.vgtu.lt\/?page_id=364"},"modified":"2025-02-27T12:48:30","modified_gmt":"2025-02-27T10:48:30","slug":"pv-pvpv-pev-sev","status":"publish","type":"page","link":"https:\/\/kvc.vgtu.lt\/index.php\/pv-pvpv-pev-sev\/","title":{"rendered":"Statinio projekto vadovo, statinio projekto vykdymo prie\u017ei\u016bros vadovo, statinio projekto ekspertiz\u0117s vadovo ir (ar) statinio ekspertiz\u0117s vadovo pareigoms"},"content":{"rendered":"<p>Kvalifikacijos atestato \u012fgijimui (papildymui) reikalingos informacijos\/duomen\u0173 pateikimo tvark\u0105 galite rasti <a href=\"https:\/\/www.ssva.lt\/cms\/paslaugos\/atestavimas\/statybos-specialistu-atestavimas\">\u010dia<\/a><\/p>\n<h4>Profesini\u0173 \u017eini\u0173 vertinimas vykdomas pagal LR aplinkos ministro patvirtint\u0105 program\u0105\u00a0<a href=\"https:\/\/www.e-tar.lt\/portal\/lt\/legalAct\/4a2b6af08d7c11e7a3c4a5eb10f04386\" target=\"_blank\" rel=\"noopener noreferrer\">E-011-17-LSIS<\/a><\/h4>\n<div id=\"footable_parent_827\"\n         class=\" footable_parent ninja_table_wrapper loading_ninja_table wp_table_data_press_parent bootstrap3 \">\n                <table data-ninja_table_instance=\"ninja_table_instance_0\" data-footable_id=\"827\" data-filter-delay=\"1000\" aria-label=\"PV, PVPV, PEV, SEV \u017eini\u0173 vertinimas_AKTUALUS\"            id=\"footable_827\"\n           data-unique_identifier=\"ninja_table_unique_id_1961199073_827\"\n           class=\" foo-table ninja_footable foo_table_827 ninja_table_unique_id_1961199073_827 table  ninja_search_right nt_type_ajax_table table-bordered table-hover vertical_centered  footable-paging-right ninja_table_search_disabled\">\n                <colgroup>\n                            <col class=\"ninja_column_0 \">\n                            <col class=\"ninja_column_1 \">\n                            <col class=\"ninja_column_2 \">\n                    <\/colgroup>\n            <\/table>\n    \n    \n    \n<\/div>\n\n<p><span style=\"color: #ff0000;\"><strong>*<\/strong> Nuotoliniai mokymai vykdomi tiesiogin\u0117s transliacijos b\u016bdu, vadovaujantis V\u0161\u012e VGTU Kokyb\u0117s vadybos centras nuotoliniu b\u016bdu vykdomo statybos dalyvi\u0173 kvalifikacijos tobulinimo<\/span> <strong><a href=\"https:\/\/kvc.vgtu.lt\/wp-content\/uploads\/2021\/02\/Nuotoliniu-kvalifikacijos-tobulinimo-mokymu-taisykles_VGTU-KVC_v2.pdf\">Taisykl\u0117mis<\/a>.<\/strong><\/p>\n<p><strong>\u00a0Kontaktai pasiteiravimui:<\/strong><\/p>\n<p>&#8211; tel. Nr.:\u00a0 +370 619 85869 arba (0 5) 262 16 90<\/p>\n<p>&#8211; el. pa\u0161tu:\u00a0 <a href=\"mailto:vgtu.kvc@vgtu.lt\">atestavimas.vgtukvc@gmail.com<\/a>\u00a0arba <a href=\"mailto:VGTU.KVC@vgtu.lt\">vgtu.nmc@vgtu.lt<\/a><\/p>\n","protected":false},"excerpt":{"rendered":"<p>Kvalifikacijos atestato \u012fgijimui (papildymui) reikalingos informacijos\/duomen\u0173 pateikimo tvark\u0105 galite rasti \u010dia Profesini\u0173 \u017eini\u0173 vertinimas vykdomas pagal LR aplinkos ministro patvirtint\u0105 program\u0105\u00a0E-011-17-LSIS * Nuotoliniai mokymai vykdomi tiesiogin\u0117s transliacijos b\u016bdu, vadovaujantis V\u0161\u012e VGTU Kokyb\u0117s vadybos centras nuotoliniu b\u016bdu vykdomo statybos dalyvi\u0173 kvalifikacijos tobulinimo Taisykl\u0117mis. \u00a0Kontaktai pasiteiravimui: &#8211; tel. Nr.:\u00a0 +370 619 85869 arba (0 5) 262 16 [&hellip;]<\/p>\n","protected":false},"author":1,"featured_media":0,"parent":0,"menu_order":0,"comment_status":"closed","ping_status":"closed","template":"","meta":{"footnotes":""},"class_list":["post-364","page","type-page","status-publish","hentry"],"_links":{"self":[{"href":"https:\/\/kvc.vgtu.lt\/index.php\/wp-json\/wp\/v2\/pages\/364","targetHints":{"allow":["GET"]}}],"collection":[{"href":"https:\/\/kvc.vgtu.lt\/index.php\/wp-json\/wp\/v2\/pages"}],"about":[{"href":"https:\/\/kvc.vgtu.lt\/index.php\/wp-json\/wp\/v2\/types\/page"}],"author":[{"embeddable":true,"href":"https:\/\/kvc.vgtu.lt\/index.php\/wp-json\/wp\/v2\/users\/1"}],"replies":[{"embeddable":true,"href":"https:\/\/kvc.vgtu.lt\/index.php\/wp-json\/wp\/v2\/comments?post=364"}],"version-history":[{"count":12,"href":"https:\/\/kvc.vgtu.lt\/index.php\/wp-json\/wp\/v2\/pages\/364\/revisions"}],"predecessor-version":[{"id":3104,"href":"https:\/\/kvc.vgtu.lt\/index.php\/wp-json\/wp\/v2\/pages\/364\/revisions\/3104"}],"wp:attachment":[{"href":"https:\/\/kvc.vgtu.lt\/index.php\/wp-json\/wp\/v2\/media?parent=364"}],"curies":[{"name":"wp","href":"https:\/\/api.w.org\/{rel}","templated":true}]}}