{"id":386,"date":"2018-11-09T09:13:03","date_gmt":"2018-11-09T09:13:03","guid":{"rendered":"https:\/\/kvc.vgtu.lt\/?page_id=386"},"modified":"2025-02-27T12:37:00","modified_gmt":"2025-02-27T10:37:00","slug":"so-pdv-pdvpv-pdev","status":"publish","type":"page","link":"https:\/\/kvc.vgtu.lt\/index.php\/so-pdv-pdvpv-pdev\/","title":{"rendered":"Projekto dalis: pasirengimo statybai ir statybos darb\u0173 organizavimo"},"content":{"rendered":"<p>Kvalifikacijos atestato \u012fgijimui (papildymui) reikalingos informacijos\/duomen\u0173 pateikimo tvark\u0105 galite rasti <a href=\"https:\/\/www.ssva.lt\/cms\/paslaugos\/atestavimas\/statybos-specialistu-atestavimas\">\u010dia<\/a><\/p>\n<h4>Profesini\u0173 \u017eini\u0173 vertinimas vykdomas pagal LR aplinkos ministro patvirtint\u0105 program\u0105\u00a0<a href=\"https:\/\/www.e-tar.lt\/portal\/lt\/legalAct\/24b5f7209f4e11e79127a823199cc174\" target=\"_blank\" rel=\"noopener noreferrer\">E-020-17-LSIS<\/a><\/h4>\n<div id=\"footable_parent_2134\"\n         class=\" footable_parent ninja_table_wrapper loading_ninja_table wp_table_data_press_parent bootstrap3 \">\n                <table data-ninja_table_instance=\"ninja_table_instance_0\" data-footable_id=\"2134\" data-filter-delay=\"1000\" aria-label=\"PDV, PDVPV, PDEV, SDEV (SP, SO, VN, \u0160VOK, E, ER, AS, GS, PVA) \u017eini\u0173 vertinimas_AKTUALUS\"            id=\"footable_2134\"\n           data-unique_identifier=\"ninja_table_unique_id_761890987_2134\"\n           class=\" foo-table ninja_footable foo_table_2134 ninja_table_unique_id_761890987_2134 table  ninja_search_right nt_type_ajax_table table-bordered table-hover vertical_centered  footable-paging-right ninja_table_search_disabled\">\n                <colgroup>\n                            <col class=\"ninja_column_0 \">\n                            <col class=\"ninja_column_1 \">\n                            <col class=\"ninja_column_2 \">\n                    <\/colgroup>\n            <\/table>\n    \n    \n    \n<\/div>\n\n<p><strong>\u00a0Kontaktai pasiteiravimui:<\/strong><\/p>\n<p>&#8211; tel. Nr.: +370 619 85869 arba (0 5) 262 16 90<\/p>\n<p>&#8211; el. pa\u0161tu:\u00a0 <a href=\"mailto:vgtu.kvc@vgtu.lt\">atestavimas.vgtukvc@gmail.com<\/a>\u00a0arba <a href=\"mailto:VGTU.KVC@vgtu.lt\">vgtu.nmc@vgtu.lt<\/a><\/p>\n","protected":false},"excerpt":{"rendered":"<p>Kvalifikacijos atestato \u012fgijimui (papildymui) reikalingos informacijos\/duomen\u0173 pateikimo tvark\u0105 galite rasti \u010dia Profesini\u0173 \u017eini\u0173 vertinimas vykdomas pagal LR aplinkos ministro patvirtint\u0105 program\u0105\u00a0E-020-17-LSIS \u00a0Kontaktai pasiteiravimui: &#8211; tel. Nr.: +370 619 85869 arba (0 5) 262 16 90 &#8211; el. pa\u0161tu:\u00a0 atestavimas.vgtukvc@gmail.com\u00a0arba vgtu.nmc@vgtu.lt<\/p>\n","protected":false},"author":1,"featured_media":0,"parent":0,"menu_order":0,"comment_status":"closed","ping_status":"closed","template":"","meta":{"footnotes":""},"class_list":["post-386","page","type-page","status-publish","hentry"],"_links":{"self":[{"href":"https:\/\/kvc.vgtu.lt\/index.php\/wp-json\/wp\/v2\/pages\/386","targetHints":{"allow":["GET"]}}],"collection":[{"href":"https:\/\/kvc.vgtu.lt\/index.php\/wp-json\/wp\/v2\/pages"}],"about":[{"href":"https:\/\/kvc.vgtu.lt\/index.php\/wp-json\/wp\/v2\/types\/page"}],"author":[{"embeddable":true,"href":"https:\/\/kvc.vgtu.lt\/index.php\/wp-json\/wp\/v2\/users\/1"}],"replies":[{"embeddable":true,"href":"https:\/\/kvc.vgtu.lt\/index.php\/wp-json\/wp\/v2\/comments?post=386"}],"version-history":[{"count":13,"href":"https:\/\/kvc.vgtu.lt\/index.php\/wp-json\/wp\/v2\/pages\/386\/revisions"}],"predecessor-version":[{"id":3075,"href":"https:\/\/kvc.vgtu.lt\/index.php\/wp-json\/wp\/v2\/pages\/386\/revisions\/3075"}],"wp:attachment":[{"href":"https:\/\/kvc.vgtu.lt\/index.php\/wp-json\/wp\/v2\/media?parent=386"}],"curies":[{"name":"wp","href":"https:\/\/api.w.org\/{rel}","templated":true}]}}