{"id":93,"date":"2018-11-02T10:00:44","date_gmt":"2018-11-02T10:00:44","guid":{"rendered":"https:\/\/kvc.vgtu.lt\/?page_id=93"},"modified":"2025-07-07T11:48:53","modified_gmt":"2025-07-07T08:48:53","slug":"kontaktai","status":"publish","type":"page","link":"https:\/\/kvc.vgtu.lt\/index.php\/kontaktai\/","title":{"rendered":"Kontaktai"},"content":{"rendered":"\t\t<div data-elementor-type=\"wp-page\" data-elementor-id=\"93\" class=\"elementor elementor-93\">\n\t\t\t\t\t\t<section class=\"elementor-section elementor-top-section elementor-element elementor-element-8593c61 elementor-section-boxed elementor-section-height-default elementor-section-height-default\" data-id=\"8593c61\" data-element_type=\"section\">\n\t\t\t\t\t\t<div class=\"elementor-container elementor-column-gap-default\">\n\t\t\t\t\t<div class=\"elementor-column elementor-col-100 elementor-top-column elementor-element elementor-element-4cacd06\" data-id=\"4cacd06\" data-element_type=\"column\">\n\t\t\t<div class=\"elementor-widget-wrap elementor-element-populated\">\n\t\t\t\t\t\t<div class=\"elementor-element elementor-element-3c91a91 elementor-widget elementor-widget-heading\" data-id=\"3c91a91\" data-element_type=\"widget\" data-widget_type=\"heading.default\">\n\t\t\t\t<div class=\"elementor-widget-container\">\n\t\t\t\t\t<h4 class=\"elementor-heading-title elementor-size-default\">Su mumis susisiekti galite bendruoju mob. telefonu 8-619-85869<\/h4>\t\t\t\t<\/div>\n\t\t\t\t<\/div>\n\t\t\t\t\t<\/div>\n\t\t<\/div>\n\t\t\t\t\t<\/div>\n\t\t<\/section>\n\t\t\t\t<section class=\"elementor-section elementor-top-section elementor-element elementor-element-dd1f526 elementor-section-boxed elementor-section-height-default elementor-section-height-default\" data-id=\"dd1f526\" data-element_type=\"section\">\n\t\t\t\t\t\t<div class=\"elementor-container elementor-column-gap-default\">\n\t\t\t\t\t<div class=\"elementor-column elementor-col-50 elementor-top-column elementor-element elementor-element-a6f958f\" data-id=\"a6f958f\" data-element_type=\"column\">\n\t\t\t<div class=\"elementor-widget-wrap elementor-element-populated\">\n\t\t\t\t\t\t<div class=\"elementor-element elementor-element-8725fea elementor-widget elementor-widget-text-editor\" data-id=\"8725fea\" data-element_type=\"widget\" data-widget_type=\"text-editor.default\">\n\t\t\t\t<div class=\"elementor-widget-container\">\n\t\t\t\t\t\t\t\t\t<p style=\"text-align: left; color: #000000; font-family: 'Montserrat', sans-serif;\">Darbuotoj\u0173 kontaktai<\/p>\t\t\t\t\t\t\t\t<\/div>\n\t\t\t\t<\/div>\n\t\t\t\t\t<\/div>\n\t\t<\/div>\n\t\t\t\t<div class=\"elementor-column elementor-col-50 elementor-top-column elementor-element elementor-element-79d9ed9\" data-id=\"79d9ed9\" data-element_type=\"column\">\n\t\t\t<div class=\"elementor-widget-wrap\">\n\t\t\t\t\t\t\t<\/div>\n\t\t<\/div>\n\t\t\t\t\t<\/div>\n\t\t<\/section>\n\t\t\t\t<section class=\"elementor-section elementor-top-section elementor-element elementor-element-ffc1a69 elementor-section-boxed elementor-section-height-default elementor-section-height-default\" data-id=\"ffc1a69\" data-element_type=\"section\">\n\t\t\t\t\t\t<div class=\"elementor-container elementor-column-gap-default\">\n\t\t\t\t\t<div class=\"elementor-column elementor-col-50 elementor-top-column elementor-element elementor-element-f1a515f\" data-id=\"f1a515f\" data-element_type=\"column\">\n\t\t\t<div class=\"elementor-widget-wrap elementor-element-populated\">\n\t\t\t\t\t\t<div class=\"elementor-element elementor-element-6757f46 elementor-widget elementor-widget-text-editor\" data-id=\"6757f46\" data-element_type=\"widget\" data-widget_type=\"text-editor.default\">\n\t\t\t\t<div class=\"elementor-widget-container\">\n\t\t\t\t\t\t\t\t\t<h4><em>Direktorius<\/em><\/h4><h4><strong>Ram\u016bnas Setkauskas,<\/strong><\/h4><p>telefonas (0 5) 262 16 90<\/p><p>mob. telefonas +370 619 85869<\/p><p>el.pa\u0161tas:<a href=\"mailto:vgtu.nmc@vgtu.lt\">\u00a0vgtu.nmc@vgtu.lt<\/a><\/p><p>adresas: Linkmen\u0173 g. 28-1, Vilnius, 26 kab.<\/p>\t\t\t\t\t\t\t\t<\/div>\n\t\t\t\t<\/div>\n\t\t\t\t\t<\/div>\n\t\t<\/div>\n\t\t\t\t<div class=\"elementor-column elementor-col-50 elementor-top-column elementor-element elementor-element-cdbcf24\" data-id=\"cdbcf24\" data-element_type=\"column\">\n\t\t\t<div class=\"elementor-widget-wrap elementor-element-populated\">\n\t\t\t\t\t\t<div class=\"elementor-element elementor-element-5c83650 elementor-widget elementor-widget-text-editor\" data-id=\"5c83650\" data-element_type=\"widget\" data-widget_type=\"text-editor.default\">\n\t\t\t\t<div class=\"elementor-widget-container\">\n\t\t\t\t\t\t\t\t\t<h4><em>Buhalter\u0117<\/em><\/h4><h4><strong>Tatjana Dauk\u0161evi\u010dien\u0117,<\/strong><\/h4><p>telefonas\u00a0 (0 5) 274 50 93<\/p><p>mob. telefonas +370 619 85869<\/p><p>el.pa\u0161tas: <a href=\"mailto:buhalterija.vgtukvc@gmail.com\">buhalterija.vgtukvc@gmail.com<\/a><\/p><p>adresas: Linkmen\u0173 g. 28-1,\u00a0 Vilnius, 28 kab.<\/p>\t\t\t\t\t\t\t\t<\/div>\n\t\t\t\t<\/div>\n\t\t\t\t\t<\/div>\n\t\t<\/div>\n\t\t\t\t\t<\/div>\n\t\t<\/section>\n\t\t\t\t<section class=\"elementor-section elementor-top-section elementor-element elementor-element-1002008 elementor-section-boxed elementor-section-height-default elementor-section-height-default\" data-id=\"1002008\" data-element_type=\"section\">\n\t\t\t\t\t\t<div class=\"elementor-container elementor-column-gap-default\">\n\t\t\t\t\t<div class=\"elementor-column elementor-col-50 elementor-top-column elementor-element elementor-element-d148500\" data-id=\"d148500\" data-element_type=\"column\">\n\t\t\t<div class=\"elementor-widget-wrap elementor-element-populated\">\n\t\t\t\t\t\t<div class=\"elementor-element elementor-element-8b8807a elementor-widget elementor-widget-text-editor\" data-id=\"8b8807a\" data-element_type=\"widget\" data-widget_type=\"text-editor.default\">\n\t\t\t\t<div class=\"elementor-widget-container\">\n\t\t\t\t\t\t\t\t\t<h4><em>Atestavimo specialist\u0117<\/em><\/h4><h4><strong>Rasa Mork\u016bnien\u0117,<\/strong><\/h4><p>telefonas (0 5) 262 16 90<\/p><p>mob. telefonas +370 619 85869<\/p><p>el.pa\u0161tas: <a href=\"mailto:atestavimas.vgtukvc@gmail.com\">atestavimas.vgtukvc@gmail.com<\/a><\/p><p>el.pa\u0161tas: <a href=\"mailto:vgtu.kvc@vgtu.lt\">vgtu.kvc@vgtu.lt<\/a><\/p><p>adresas: Linkmen\u0173 g. 28-1, Vilnius, 27 kab.<\/p>\t\t\t\t\t\t\t\t<\/div>\n\t\t\t\t<\/div>\n\t\t\t\t\t<\/div>\n\t\t<\/div>\n\t\t\t\t<div class=\"elementor-column elementor-col-50 elementor-top-column elementor-element elementor-element-2c8971b\" data-id=\"2c8971b\" data-element_type=\"column\">\n\t\t\t<div class=\"elementor-widget-wrap\">\n\t\t\t\t\t\t\t<\/div>\n\t\t<\/div>\n\t\t\t\t\t<\/div>\n\t\t<\/section>\n\t\t\t\t<section class=\"elementor-section elementor-top-section elementor-element elementor-element-7902e395 elementor-hidden-desktop elementor-hidden-tablet elementor-hidden-mobile elementor-section-boxed elementor-section-height-default elementor-section-height-default\" data-id=\"7902e395\" data-element_type=\"section\">\n\t\t\t\t\t\t<div class=\"elementor-container elementor-column-gap-default\">\n\t\t\t\t\t<div class=\"elementor-column elementor-col-100 elementor-top-column elementor-element elementor-element-4a4f137e\" data-id=\"4a4f137e\" data-element_type=\"column\">\n\t\t\t<div class=\"elementor-widget-wrap elementor-element-populated\">\n\t\t\t\t\t\t<div class=\"elementor-element elementor-element-11088f8b elementor-widget elementor-widget-text-editor\" data-id=\"11088f8b\" data-element_type=\"widget\" data-widget_type=\"text-editor.default\">\n\t\t\t\t<div class=\"elementor-widget-container\">\n\t\t\t\t\t\t\t\t\t<h4><strong><span style=\"color: #003366;\">Su mumis susisiekti galite bendruoju mob. telefonu 8-619-85869<\/span><\/strong><\/h4><p><span style=\"color: #000000;\">Darbuotoj\u0173 kontaktai<\/span><\/p><table style=\"height: 479px; margin-left: 30px;\" width=\"871\"><tbody style=\"padding-left: 30px;\"><tr style=\"padding-left: 30px;\"><td style=\"text-align: center; padding-left: 30px;\"><h4 style=\"text-align: left; padding-left: 30px;\"><em>Direktorius<\/em><\/h4><h4 style=\"text-align: left; padding-left: 30px;\"><strong>Ram\u016bnas Setkauskas,<\/strong><\/h4><p style=\"text-align: left; padding-left: 30px;\">telefonas (0 5) 262 16 90<\/p><p style=\"text-align: left; padding-left: 30px;\">mob. telefonas +370 619 85869<\/p><p style=\"text-align: left; padding-left: 30px;\">el.pa\u0161tas:<a href=\"mailto:vgtu.nmc@vgtu.lt\">\u00a0vgtu.nmc@vgtu.lt<\/a><\/p><p style=\"text-align: left;\">\u00a0 \u00a0 \u00a0 \u00a0adresas: Linkmen\u0173 g. 28-1, Vilnius, 26 kab.<\/p><\/td><td style=\"padding-left: 60px; text-align: left;\"><h4><em>Buhalter\u0117<\/em><\/h4><h4><strong>Tatjana Dauk\u0161evi\u010dien\u0117,<\/strong><\/h4><p>telefonas\u00a0 (0 5) 274 50 93<\/p><p>mob. telefonas +370 619 85869<\/p><p>el.pa\u0161tas: <a href=\"mailto:buhalterija.vgtukvc@gmail.com\">buhalterija.vgtukvc@gmail.com<\/a><\/p><p>adresas: Linkmen\u0173 g. 28-1,\u00a0 Vilnius, 28 kab.<\/p><\/td><\/tr><tr style=\"padding-left: 30px;\"><td style=\"padding-left: 30px;\">\u00a0<\/td><td style=\"padding-left: 60px; text-align: center;\">\u00a0<\/td><\/tr><tr style=\"padding-left: 30px;\"><td style=\"text-align: center; padding-left: 30px;\"><h4>\u00a0<\/h4><h4 style=\"text-align: left; padding-left: 30px;\"><em>Atestavimo specialist\u0117<\/em><\/h4><h4 style=\"text-align: left; padding-left: 30px;\"><strong>Rasa Mork\u016bnien\u0117,<\/strong><\/h4><p style=\"text-align: left; padding-left: 30px;\">telefonas (0 5) 262 16 90<\/p><p style=\"text-align: left;\">\u00a0 \u00a0 \u00a0 \u00a0mob. telefonas +370 619 85869<\/p><p style=\"text-align: left;\">\u00a0 \u00a0 \u00a0 \u00a0el.pa\u0161tas: <a href=\"mailto:atestavimas.vgtukvc@gmail.com\">atestavimas.vgtukvc@gmail.com<\/a><\/p><p style=\"text-align: left;\">\u00a0 \u00a0 \u00a0 \u00a0el.pa\u0161tas: <a href=\"mailto:vgtu.kvc@vgtu.lt\">vgtu.kvc@vgtu.lt<\/a><\/p><p style=\"text-align: left;\">\u00a0 \u00a0 \u00a0 \u00a0adresas: Linkmen\u0173 g. 28-1, Vilnius, 27 kab.<\/p><\/td><td style=\"padding-left: 30px;\"><p style=\"text-align: left; padding-left: 30px;\">\u00a0<\/p><\/td><\/tr><tr><td><h4>\u00a0<\/h4><\/td><td style=\"padding-left: 30px;\">\u00a0<\/td><\/tr><\/tbody><\/table>\t\t\t\t\t\t\t\t<\/div>\n\t\t\t\t<\/div>\n\t\t\t\t\t<\/div>\n\t\t<\/div>\n\t\t\t\t\t<\/div>\n\t\t<\/section>\n\t\t\t\t<\/div>\n\t\t","protected":false},"excerpt":{"rendered":"<p>Su mumis susisiekti galite bendruoju mob. telefonu 8-619-85869 Darbuotoj\u0173 kontaktai Direktorius Ram\u016bnas Setkauskas, telefonas (0 5) 262 16 90 mob. telefonas +370 619 85869 el.pa\u0161tas:\u00a0vgtu.nmc@vgtu.lt adresas: Linkmen\u0173 g. 28-1, Vilnius, 26 kab. Buhalter\u0117 Tatjana Dauk\u0161evi\u010dien\u0117, telefonas\u00a0 (0 5) 274 50 93 mob. telefonas +370 619 85869 el.pa\u0161tas: buhalterija.vgtukvc@gmail.com adresas: Linkmen\u0173 g. 28-1,\u00a0 Vilnius, 28 kab. [&hellip;]<\/p>\n","protected":false},"author":1,"featured_media":0,"parent":0,"menu_order":0,"comment_status":"closed","ping_status":"closed","template":"","meta":{"footnotes":""},"class_list":["post-93","page","type-page","status-publish","hentry"],"_links":{"self":[{"href":"https:\/\/kvc.vgtu.lt\/index.php\/wp-json\/wp\/v2\/pages\/93","targetHints":{"allow":["GET"]}}],"collection":[{"href":"https:\/\/kvc.vgtu.lt\/index.php\/wp-json\/wp\/v2\/pages"}],"about":[{"href":"https:\/\/kvc.vgtu.lt\/index.php\/wp-json\/wp\/v2\/types\/page"}],"author":[{"embeddable":true,"href":"https:\/\/kvc.vgtu.lt\/index.php\/wp-json\/wp\/v2\/users\/1"}],"replies":[{"embeddable":true,"href":"https:\/\/kvc.vgtu.lt\/index.php\/wp-json\/wp\/v2\/comments?post=93"}],"version-history":[{"count":72,"href":"https:\/\/kvc.vgtu.lt\/index.php\/wp-json\/wp\/v2\/pages\/93\/revisions"}],"predecessor-version":[{"id":3165,"href":"https:\/\/kvc.vgtu.lt\/index.php\/wp-json\/wp\/v2\/pages\/93\/revisions\/3165"}],"wp:attachment":[{"href":"https:\/\/kvc.vgtu.lt\/index.php\/wp-json\/wp\/v2\/media?parent=93"}],"curies":[{"name":"wp","href":"https:\/\/api.w.org\/{rel}","templated":true}]}}